{"id":29552,"date":"2023-08-23T09:56:40","date_gmt":"2023-08-23T09:56:40","guid":{"rendered":"https:\/\/casatimis.ro\/product\/insuflatii-vaginale-si-rectale\/"},"modified":"2024-03-08T10:00:40","modified_gmt":"2024-03-08T10:00:40","slug":"vaginal-and-rectal-insufflation","status":"publish","type":"product","link":"https:\/\/casatimis.ro\/en\/product\/vaginal-and-rectal-insufflation\/","title":{"rendered":"Vaginal and rectal insufflation"},"content":{"rendered":"<div class=\"pntrst_main_before_after\"><\/div><p>15 min<\/p>\n<div class=\"pntrst_main_before_after\"><\/div>","protected":false},"excerpt":{"rendered":"<p>15 min<\/p>\n<p>Insufla\u021bia vaginal\u0103 \u0219i rectal\u0103 sunt proceduri medicale \u00een care anumite substan\u021be gazoase, cum ar fi ozonul sau oxigenul, sunt introduse \u00een vagin sau rect pentru diverse scopuri terapeutice.<\/p>\n<p>Insufla\u021bia vaginal\u0103 poate fi utilizat\u0103 \u00een tratamentul unor afec\u021biuni ginecologice, cum ar fi infec\u021biile vaginale, inflama\u021biile sau alte probleme de s\u0103n\u0103tate ale zonei genitale feminine. Substan\u021bele gazoase introduse pot avea propriet\u0103\u021bi antibacteriene, antifungice sau antiinflamatorii, care pot ajuta la combaterea infec\u021biilor \u0219i la promovarea vindec\u0103rii.<\/p>\n","protected":false},"featured_media":25387,"template":"","meta":{"content-type":""},"product_brand":[],"product_cat":[197],"product_tag":[],"class_list":{"0":"post-29552","1":"product","2":"type-product","3":"status-publish","4":"has-post-thumbnail","6":"product_cat-holistic-wellness-spa","8":"first","9":"instock","10":"virtual","11":"purchasable","12":"product-type-simple"},"yoast_head":"<!-- This site is optimized with the Yoast SEO Premium plugin v27.2 (Yoast SEO v27.3) - https:\/\/yoast.com\/product\/yoast-seo-premium-wordpress\/ -->\n<title>Vaginal and rectal insufflation - Medicina Integrativa - Wellness<\/title>\n<meta name=\"description\" content=\"Vaginal and rectal insufflation - poate fi utilizat\u0103 \u00een tratamentul unor afec\u021biuni ginecologice, cum ar fi infec\u021biile vaginale, inflama\u021biile\" \/>\n<meta name=\"robots\" content=\"index, follow, max-snippet:-1, max-image-preview:large, max-video-preview:-1\" \/>\n<link rel=\"canonical\" href=\"https:\/\/casatimis.ro\/en\/product\/vaginal-and-rectal-insufflation\/\" \/>\n<meta property=\"og:locale\" content=\"en_US\" \/>\n<meta property=\"og:type\" content=\"article\" \/>\n<meta property=\"og:title\" content=\"Vaginal and rectal insufflation\" \/>\n<meta property=\"og:description\" content=\"Vaginal and rectal insufflation - poate fi utilizat\u0103 \u00een tratamentul unor afec\u021biuni ginecologice, cum ar fi infec\u021biile vaginale, inflama\u021biile\" \/>\n<meta property=\"og:url\" content=\"https:\/\/casatimis.ro\/en\/product\/vaginal-and-rectal-insufflation\/\" \/>\n<meta property=\"og:site_name\" content=\"Casa Timis\" \/>\n<meta property=\"article:modified_time\" content=\"2024-03-08T10:00:40+00:00\" \/>\n<meta property=\"og:image\" content=\"https:\/\/casatimis.ro\/wp-content\/uploads\/2023\/08\/Embrace056.jpg\" \/>\n\t<meta property=\"og:image:width\" content=\"1920\" \/>\n\t<meta property=\"og:image:height\" content=\"1280\" \/>\n\t<meta property=\"og:image:type\" content=\"image\/jpeg\" \/>\n<meta name=\"twitter:card\" content=\"summary_large_image\" \/>\n<meta name=\"twitter:label1\" content=\"Price\" \/>\n\t<meta name=\"twitter:data1\" content=\"200&nbsp;lei\" \/>\n\t<meta name=\"twitter:label2\" content=\"Availability\" \/>\n\t<meta name=\"twitter:data2\" content=\"In stock\" \/>\n<meta property=\"product:price:amount\" content=\"200\" \/>\n<meta property=\"product:price:currency\" content=\"RON\" \/>\n<meta property=\"og:availability\" content=\"instock\" \/>\n<meta property=\"product:availability\" content=\"instock\" \/>\n<meta property=\"product:condition\" content=\"new\" \/>\n<!-- \/ Yoast SEO Premium plugin. -->","yoast_head_json":{"title":"Vaginal and rectal insufflation - Medicina Integrativa - Wellness","description":"Vaginal and rectal insufflation - poate fi utilizat\u0103 \u00een tratamentul unor afec\u021biuni ginecologice, cum ar fi infec\u021biile vaginale, inflama\u021biile","robots":{"index":"index","follow":"follow","max-snippet":"max-snippet:-1","max-image-preview":"max-image-preview:large","max-video-preview":"max-video-preview:-1"},"canonical":"https:\/\/casatimis.ro\/en\/product\/vaginal-and-rectal-insufflation\/","og_locale":"en_US","og_type":"article","og_title":"Vaginal and rectal insufflation","og_description":"Vaginal and rectal insufflation - poate fi utilizat\u0103 \u00een tratamentul unor afec\u021biuni ginecologice, cum ar fi infec\u021biile vaginale, inflama\u021biile","og_url":"https:\/\/casatimis.ro\/en\/product\/vaginal-and-rectal-insufflation\/","og_site_name":"Casa Timis","article_modified_time":"2024-03-08T10:00:40+00:00","og_image":[{"width":1920,"height":1280,"url":"https:\/\/casatimis.ro\/wp-content\/uploads\/2023\/08\/Embrace056.jpg","type":"image\/jpeg"}],"twitter_card":"summary_large_image","twitter_misc":{"Price":"200&nbsp;lei","Availability":"In stock"},"schema":{"@context":"https:\/\/schema.org","@graph":[{"@type":"WebPage","@id":"https:\/\/casatimis.ro\/en\/product\/vaginal-and-rectal-insufflation\/","url":"https:\/\/casatimis.ro\/en\/product\/vaginal-and-rectal-insufflation\/","name":"Vaginal and rectal insufflation - Medicina Integrativa - Wellness","isPartOf":{"@id":"https:\/\/casatimis.ro\/en\/#website"},"primaryImageOfPage":{"@id":"https:\/\/casatimis.ro\/en\/product\/vaginal-and-rectal-insufflation\/#primaryimage"},"image":{"@id":"https:\/\/casatimis.ro\/en\/product\/vaginal-and-rectal-insufflation\/#primaryimage"},"thumbnailUrl":"https:\/\/casatimis.ro\/wp-content\/uploads\/2023\/08\/Embrace056.jpg","datePublished":"2023-08-23T09:56:40+00:00","dateModified":"2024-03-08T10:00:40+00:00","description":"Vaginal and rectal insufflation - poate fi utilizat\u0103 \u00een tratamentul unor afec\u021biuni ginecologice, cum ar fi infec\u021biile vaginale, inflama\u021biile","breadcrumb":{"@id":"https:\/\/casatimis.ro\/en\/product\/vaginal-and-rectal-insufflation\/#breadcrumb"},"inLanguage":"en-US","potentialAction":[{"@type":"ReadAction","target":["https:\/\/casatimis.ro\/en\/product\/vaginal-and-rectal-insufflation\/"]}]},{"@type":"ImageObject","inLanguage":"en-US","@id":"https:\/\/casatimis.ro\/en\/product\/vaginal-and-rectal-insufflation\/#primaryimage","url":"https:\/\/casatimis.ro\/wp-content\/uploads\/2023\/08\/Embrace056.jpg","contentUrl":"https:\/\/casatimis.ro\/wp-content\/uploads\/2023\/08\/Embrace056.jpg","width":1920,"height":1280,"caption":"intrare embrace spa"},{"@type":"BreadcrumbList","@id":"https:\/\/casatimis.ro\/en\/product\/vaginal-and-rectal-insufflation\/#breadcrumb","itemListElement":[{"@type":"ListItem","position":1,"name":"Casa Timi\u0219","item":"https:\/\/casatimis.ro\/en\/"},{"@type":"ListItem","position":2,"name":"Casa Timi\u0219 Resort eShop","item":"https:\/\/casatimis.ro\/shop\/"},{"@type":"ListItem","position":3,"name":"Vaginal and rectal insufflation"}]},{"@type":"WebSite","@id":"https:\/\/casatimis.ro\/en\/#website","url":"https:\/\/casatimis.ro\/en\/","name":"Casa Timis Wellness & Spa Resort","description":"WELLNESS &amp; SPA RESORT","publisher":{"@id":"https:\/\/casatimis.ro\/en\/#organization"},"potentialAction":[{"@type":"SearchAction","target":{"@type":"EntryPoint","urlTemplate":"https:\/\/casatimis.ro\/en\/?s={search_term_string}"},"query-input":{"@type":"PropertyValueSpecification","valueRequired":true,"valueName":"search_term_string"}}],"inLanguage":"en-US"},{"@type":"Organization","@id":"https:\/\/casatimis.ro\/en\/#organization","name":"Casa Timis Wellness & Spa Resort","url":"https:\/\/casatimis.ro\/en\/","logo":{"@type":"ImageObject","inLanguage":"en-US","@id":"https:\/\/casatimis.ro\/en\/#\/schema\/logo\/image\/","url":"https:\/\/casatimis.ro\/wp-content\/uploads\/2022\/05\/LOGO_CT_Wellness_Spa_Resort_WHITE.png","contentUrl":"https:\/\/casatimis.ro\/wp-content\/uploads\/2022\/05\/LOGO_CT_Wellness_Spa_Resort_WHITE.png","width":600,"height":301,"caption":"Casa Timis Wellness & Spa Resort"},"image":{"@id":"https:\/\/casatimis.ro\/en\/#\/schema\/logo\/image\/"}}]},"product_price_amount":"200","product_price_currency":"RON","og_availability":"instock","product_availability":"instock","product_condition":"new"},"_links":{"self":[{"href":"https:\/\/casatimis.ro\/en\/wp-json\/wp\/v2\/product\/29552","targetHints":{"allow":["GET"]}}],"collection":[{"href":"https:\/\/casatimis.ro\/en\/wp-json\/wp\/v2\/product"}],"about":[{"href":"https:\/\/casatimis.ro\/en\/wp-json\/wp\/v2\/types\/product"}],"wp:featuredmedia":[{"embeddable":true,"href":"https:\/\/casatimis.ro\/en\/wp-json\/wp\/v2\/media\/25387"}],"wp:attachment":[{"href":"https:\/\/casatimis.ro\/en\/wp-json\/wp\/v2\/media?parent=29552"}],"wp:term":[{"taxonomy":"product_brand","embeddable":true,"href":"https:\/\/casatimis.ro\/en\/wp-json\/wp\/v2\/product_brand?post=29552"},{"taxonomy":"product_cat","embeddable":true,"href":"https:\/\/casatimis.ro\/en\/wp-json\/wp\/v2\/product_cat?post=29552"},{"taxonomy":"product_tag","embeddable":true,"href":"https:\/\/casatimis.ro\/en\/wp-json\/wp\/v2\/product_tag?post=29552"}],"curies":[{"name":"wp","href":"https:\/\/api.w.org\/{rel}","templated":true}]}}