{"id":29551,"date":"2023-08-23T09:53:42","date_gmt":"2023-08-23T09:53:42","guid":{"rendered":"https:\/\/casatimis.ro\/product\/autohemoterapie-majora\/"},"modified":"2024-03-08T09:58:30","modified_gmt":"2024-03-08T09:58:30","slug":"major-autohemotherapy","status":"publish","type":"product","link":"https:\/\/casatimis.ro\/en\/product\/major-autohemotherapy\/","title":{"rendered":"Major autohemotherapy"},"content":{"rendered":"<div class=\"pntrst_main_before_after\"><\/div><p>60 min<\/p>\n<p>Terapia autohemoterapie major\u0103 (TAHM) este o procedur\u0103 medical\u0103 \u00een care s\u00e2ngele pacientului este extras, tratat \u0219i reintrodus \u00een organism. Procedura implic\u0103 extragerea unei cantit\u0103\u021bi de s\u00e2nge dintr-o ven\u0103 a pacientului, urmat\u0103 de amestecarea acestui s\u00e2nge cu o substan\u021b\u0103, cum ar fi ozonul sau peroxidul de hidrogen, \u0219i reintroducerea \u00een fluxul sanguin al pacientului. Scopul principal al acestei terapii este de a stimula sistemul imunitar al pacientului \u0219i de a sprijini vindecarea \u00een diverse afec\u021biuni.<\/p>\n<p>TAHM poate fi utilizat\u0103 \u00eentr-o varietate de afec\u021biuni, inclusiv infec\u021bii cronice, boli autoimune, boli de piele \u0219i alergii. Se presupune c\u0103 substan\u021bele ad\u0103ugate \u00een s\u00e2nge pot activa \u0219i \u00eembun\u0103t\u0103\u021bi r\u0103spunsul imun al organismului, ajut\u00e2nd astfel la combaterea bolii.<\/p>\n<div class=\"pntrst_main_before_after\"><\/div>","protected":false},"excerpt":{"rendered":"<p>60 min<\/p>\n<p>Terapia autohemoterapie major\u0103 (TAHM) este o procedur\u0103 medical\u0103 \u00een care s\u00e2ngele pacientului este extras, tratat \u0219i reintrodus \u00een organism. Procedura implic\u0103 extragerea unei cantit\u0103\u021bi de s\u00e2nge dintr-o ven\u0103 a pacientului, urmat\u0103 de amestecarea acestui s\u00e2nge cu o substan\u021b\u0103, cum ar fi ozonul sau peroxidul de hidrogen, \u0219i reintroducerea \u00een fluxul sanguin al pacientului.<\/p>\n","protected":false},"featured_media":25387,"template":"","meta":{"content-type":""},"product_brand":[],"product_cat":[197],"product_tag":[],"class_list":{"0":"post-29551","1":"product","2":"type-product","3":"status-publish","4":"has-post-thumbnail","6":"product_cat-holistic-wellness-spa","8":"first","9":"instock","10":"virtual","11":"purchasable","12":"product-type-simple"},"yoast_head":"<!-- This site is optimized with the Yoast SEO Premium plugin v27.2 (Yoast SEO v27.3) - https:\/\/yoast.com\/product\/yoast-seo-premium-wordpress\/ -->\n<title>Major autohemotherapy 60 min - RESORT CASA TIMI\u0218<\/title>\n<meta name=\"description\" content=\"Major autohemotherapy - este o procedur\u0103 medical\u0103 \u00een care s\u00e2ngele pacientului este extras, tratat \u0219i reintrodus \u00een organism.\" \/>\n<meta name=\"robots\" content=\"index, follow, max-snippet:-1, max-image-preview:large, max-video-preview:-1\" \/>\n<link rel=\"canonical\" href=\"https:\/\/casatimis.ro\/en\/product\/major-autohemotherapy\/\" \/>\n<meta property=\"og:locale\" content=\"en_US\" \/>\n<meta property=\"og:type\" content=\"article\" \/>\n<meta property=\"og:title\" content=\"Major autohemotherapy\" \/>\n<meta property=\"og:description\" content=\"Major autohemotherapy - este o procedur\u0103 medical\u0103 \u00een care s\u00e2ngele pacientului este extras, tratat \u0219i reintrodus \u00een organism.\" \/>\n<meta property=\"og:url\" content=\"https:\/\/casatimis.ro\/en\/product\/major-autohemotherapy\/\" \/>\n<meta property=\"og:site_name\" content=\"Casa Timis\" \/>\n<meta property=\"article:modified_time\" content=\"2024-03-08T09:58:30+00:00\" \/>\n<meta property=\"og:image\" content=\"https:\/\/casatimis.ro\/wp-content\/uploads\/2023\/08\/Embrace056.jpg\" \/>\n\t<meta property=\"og:image:width\" content=\"1920\" \/>\n\t<meta property=\"og:image:height\" content=\"1280\" \/>\n\t<meta property=\"og:image:type\" content=\"image\/jpeg\" \/>\n<meta name=\"twitter:card\" content=\"summary_large_image\" \/>\n<meta name=\"twitter:label1\" content=\"Price\" \/>\n\t<meta name=\"twitter:data1\" content=\"480&nbsp;lei\" \/>\n\t<meta name=\"twitter:label2\" content=\"Availability\" \/>\n\t<meta name=\"twitter:data2\" content=\"In stock\" \/>\n<meta property=\"product:price:amount\" content=\"480\" \/>\n<meta property=\"product:price:currency\" content=\"RON\" \/>\n<meta property=\"og:availability\" content=\"instock\" \/>\n<meta property=\"product:availability\" content=\"instock\" \/>\n<meta property=\"product:condition\" content=\"new\" \/>\n<!-- \/ Yoast SEO Premium plugin. -->","yoast_head_json":{"title":"Major autohemotherapy 60 min - RESORT CASA TIMI\u0218","description":"Major autohemotherapy - este o procedur\u0103 medical\u0103 \u00een care s\u00e2ngele pacientului este extras, tratat \u0219i reintrodus \u00een organism.","robots":{"index":"index","follow":"follow","max-snippet":"max-snippet:-1","max-image-preview":"max-image-preview:large","max-video-preview":"max-video-preview:-1"},"canonical":"https:\/\/casatimis.ro\/en\/product\/major-autohemotherapy\/","og_locale":"en_US","og_type":"article","og_title":"Major autohemotherapy","og_description":"Major autohemotherapy - este o procedur\u0103 medical\u0103 \u00een care s\u00e2ngele pacientului este extras, tratat \u0219i reintrodus \u00een organism.","og_url":"https:\/\/casatimis.ro\/en\/product\/major-autohemotherapy\/","og_site_name":"Casa Timis","article_modified_time":"2024-03-08T09:58:30+00:00","og_image":[{"width":1920,"height":1280,"url":"https:\/\/casatimis.ro\/wp-content\/uploads\/2023\/08\/Embrace056.jpg","type":"image\/jpeg"}],"twitter_card":"summary_large_image","twitter_misc":{"Price":"480&nbsp;lei","Availability":"In stock"},"schema":{"@context":"https:\/\/schema.org","@graph":[{"@type":"WebPage","@id":"https:\/\/casatimis.ro\/en\/product\/major-autohemotherapy\/","url":"https:\/\/casatimis.ro\/en\/product\/major-autohemotherapy\/","name":"Major autohemotherapy 60 min - RESORT CASA TIMI\u0218","isPartOf":{"@id":"https:\/\/casatimis.ro\/en\/#website"},"primaryImageOfPage":{"@id":"https:\/\/casatimis.ro\/en\/product\/major-autohemotherapy\/#primaryimage"},"image":{"@id":"https:\/\/casatimis.ro\/en\/product\/major-autohemotherapy\/#primaryimage"},"thumbnailUrl":"https:\/\/casatimis.ro\/wp-content\/uploads\/2023\/08\/Embrace056.jpg","datePublished":"2023-08-23T09:53:42+00:00","dateModified":"2024-03-08T09:58:30+00:00","description":"Major autohemotherapy - este o procedur\u0103 medical\u0103 \u00een care s\u00e2ngele pacientului este extras, tratat \u0219i reintrodus \u00een organism.","breadcrumb":{"@id":"https:\/\/casatimis.ro\/en\/product\/major-autohemotherapy\/#breadcrumb"},"inLanguage":"en-US","potentialAction":[{"@type":"ReadAction","target":["https:\/\/casatimis.ro\/en\/product\/major-autohemotherapy\/"]}]},{"@type":"ImageObject","inLanguage":"en-US","@id":"https:\/\/casatimis.ro\/en\/product\/major-autohemotherapy\/#primaryimage","url":"https:\/\/casatimis.ro\/wp-content\/uploads\/2023\/08\/Embrace056.jpg","contentUrl":"https:\/\/casatimis.ro\/wp-content\/uploads\/2023\/08\/Embrace056.jpg","width":1920,"height":1280,"caption":"intrare embrace spa"},{"@type":"BreadcrumbList","@id":"https:\/\/casatimis.ro\/en\/product\/major-autohemotherapy\/#breadcrumb","itemListElement":[{"@type":"ListItem","position":1,"name":"Casa Timi\u0219","item":"https:\/\/casatimis.ro\/en\/"},{"@type":"ListItem","position":2,"name":"Casa Timi\u0219 Resort eShop","item":"https:\/\/casatimis.ro\/shop\/"},{"@type":"ListItem","position":3,"name":"Major autohemotherapy"}]},{"@type":"WebSite","@id":"https:\/\/casatimis.ro\/en\/#website","url":"https:\/\/casatimis.ro\/en\/","name":"Casa Timis Wellness & Spa Resort","description":"WELLNESS &amp; SPA RESORT","publisher":{"@id":"https:\/\/casatimis.ro\/en\/#organization"},"potentialAction":[{"@type":"SearchAction","target":{"@type":"EntryPoint","urlTemplate":"https:\/\/casatimis.ro\/en\/?s={search_term_string}"},"query-input":{"@type":"PropertyValueSpecification","valueRequired":true,"valueName":"search_term_string"}}],"inLanguage":"en-US"},{"@type":"Organization","@id":"https:\/\/casatimis.ro\/en\/#organization","name":"Casa Timis Wellness & Spa Resort","url":"https:\/\/casatimis.ro\/en\/","logo":{"@type":"ImageObject","inLanguage":"en-US","@id":"https:\/\/casatimis.ro\/en\/#\/schema\/logo\/image\/","url":"https:\/\/casatimis.ro\/wp-content\/uploads\/2022\/05\/LOGO_CT_Wellness_Spa_Resort_WHITE.png","contentUrl":"https:\/\/casatimis.ro\/wp-content\/uploads\/2022\/05\/LOGO_CT_Wellness_Spa_Resort_WHITE.png","width":600,"height":301,"caption":"Casa Timis Wellness & Spa Resort"},"image":{"@id":"https:\/\/casatimis.ro\/en\/#\/schema\/logo\/image\/"}}]},"product_price_amount":"480","product_price_currency":"RON","og_availability":"instock","product_availability":"instock","product_condition":"new"},"_links":{"self":[{"href":"https:\/\/casatimis.ro\/en\/wp-json\/wp\/v2\/product\/29551","targetHints":{"allow":["GET"]}}],"collection":[{"href":"https:\/\/casatimis.ro\/en\/wp-json\/wp\/v2\/product"}],"about":[{"href":"https:\/\/casatimis.ro\/en\/wp-json\/wp\/v2\/types\/product"}],"wp:featuredmedia":[{"embeddable":true,"href":"https:\/\/casatimis.ro\/en\/wp-json\/wp\/v2\/media\/25387"}],"wp:attachment":[{"href":"https:\/\/casatimis.ro\/en\/wp-json\/wp\/v2\/media?parent=29551"}],"wp:term":[{"taxonomy":"product_brand","embeddable":true,"href":"https:\/\/casatimis.ro\/en\/wp-json\/wp\/v2\/product_brand?post=29551"},{"taxonomy":"product_cat","embeddable":true,"href":"https:\/\/casatimis.ro\/en\/wp-json\/wp\/v2\/product_cat?post=29551"},{"taxonomy":"product_tag","embeddable":true,"href":"https:\/\/casatimis.ro\/en\/wp-json\/wp\/v2\/product_tag?post=29551"}],"curies":[{"name":"wp","href":"https:\/\/api.w.org\/{rel}","templated":true}]}}